{"id":524,"date":"2024-10-21T00:02:27","date_gmt":"2024-10-20T22:02:27","guid":{"rendered":"https:\/\/iberdesarrollos.es\/?page_id=524"},"modified":"2024-10-21T00:21:33","modified_gmt":"2024-10-20T22:21:33","slug":"sobre-nosotros","status":"publish","type":"page","link":"https:\/\/iberdesarrollos.es\/en\/sobre-nosotros\/","title":{"rendered":"About Us"},"content":{"rendered":"<div data-elementor-type=\"wp-page\" data-elementor-id=\"524\" class=\"elementor elementor-524\" data-elementor-post-type=\"page\">\n\t\t\t\t<div class=\"elementor-element elementor-element-13024f5 e-con-full e-flex e-con e-parent\" data-id=\"13024f5\" data-element_type=\"container\" data-e-type=\"container\" data-settings=\"{&quot;background_background&quot;:&quot;classic&quot;,&quot;background_motion_fx_motion_fx_scrolling&quot;:&quot;yes&quot;,&quot;background_motion_fx_scale_effect&quot;:&quot;yes&quot;,&quot;background_motion_fx_scale_direction&quot;:&quot;in-out-in&quot;,&quot;background_motion_fx_scale_speed&quot;:{&quot;unit&quot;:&quot;px&quot;,&quot;size&quot;:5,&quot;sizes&quot;:[]},&quot;background_motion_fx_scale_range&quot;:{&quot;unit&quot;:&quot;%&quot;,&quot;size&quot;:&quot;&quot;,&quot;sizes&quot;:{&quot;start&quot;:19,&quot;end&quot;:28}},&quot;background_motion_fx_devices&quot;:[&quot;desktop&quot;,&quot;tablet&quot;,&quot;mobile&quot;]}\">\n\t\t<div class=\"elementor-element elementor-element-a59bf18 e-con-full e-flex e-con e-child\" data-id=\"a59bf18\" data-element_type=\"container\" data-e-type=\"container\">\n\t\t\t\t<div class=\"elementor-element elementor-element-ac174e3 elementor-widget elementor-widget-heading\" data-id=\"ac174e3\" data-element_type=\"widget\" data-e-type=\"widget\" data-widget_type=\"heading.default\">\n\t\t\t\t<div class=\"elementor-widget-container\">\n\t\t\t\t\t<h2 class=\"elementor-heading-title elementor-size-default\">Who are we?<\/h2>\t\t\t\t<\/div>\n\t\t\t\t<\/div>\n\t\t\t\t<\/div>\n\t\t\t\t<\/div>\n\t\t<div class=\"elementor-element elementor-element-8f7577e e-flex e-con-boxed e-con e-parent\" data-id=\"8f7577e\" data-element_type=\"container\" data-e-type=\"container\">\n\t\t\t\t\t<div class=\"e-con-inner\">\n\t\t\t\t<div class=\"elementor-element elementor-element-0fc91c5 elementor-widget elementor-widget-spacer\" data-id=\"0fc91c5\" data-element_type=\"widget\" data-e-type=\"widget\" data-widget_type=\"spacer.default\">\n\t\t\t\t<div class=\"elementor-widget-container\">\n\t\t\t\t\t\t\t<div class=\"elementor-spacer\">\n\t\t\t<div class=\"elementor-spacer-inner\"><\/div>\n\t\t<\/div>\n\t\t\t\t\t\t<\/div>\n\t\t\t\t<\/div>\n\t\t\t\t<div class=\"elementor-element elementor-element-8a56141 elementor-widget elementor-widget-heading\" data-id=\"8a56141\" data-element_type=\"widget\" data-e-type=\"widget\" data-widget_type=\"heading.default\">\n\t\t\t\t<div class=\"elementor-widget-container\">\n\t\t\t\t\t<h2 class=\"elementor-heading-title elementor-size-default\">Un equipo fiable<\/h2>\t\t\t\t<\/div>\n\t\t\t\t<\/div>\n\t\t\t\t<div class=\"elementor-element elementor-element-4669fd8 elementor-widget elementor-widget-text-editor\" data-id=\"4669fd8\" data-element_type=\"widget\" data-e-type=\"widget\" data-widget_type=\"text-editor.default\">\n\t\t\t\t<div class=\"elementor-widget-container\">\n\t\t\t\t\t\t\t\t\t<p>At <strong>Iberdesarrollos<\/strong>, somos un equipo apasionado y comprometido, dedicado a la captaci\u00f3n de clientes para Iberdrola. Nuestra oficina, ubicada en el coraz\u00f3n de la ciudad, est\u00e1 formada por profesionales que comparten un objetivo com\u00fan: ofrecer un servicio excepcional que se adapte a las necesidades de cada cliente.<\/p>\t\t\t\t\t\t\t\t<\/div>\n\t\t\t\t<\/div>\n\t\t\t\t<div class=\"elementor-element elementor-element-38b61fe elementor-widget elementor-widget-heading\" data-id=\"38b61fe\" data-element_type=\"widget\" data-e-type=\"widget\" data-widget_type=\"heading.default\">\n\t\t\t\t<div class=\"elementor-widget-container\">\n\t\t\t\t\t<h2 class=\"elementor-heading-title elementor-size-default\">Asesores a tu servicio<\/h2>\t\t\t\t<\/div>\n\t\t\t\t<\/div>\n\t\t\t\t<div class=\"elementor-element elementor-element-75f34d1 elementor-widget elementor-widget-text-editor\" data-id=\"75f34d1\" data-element_type=\"widget\" data-e-type=\"widget\" data-widget_type=\"text-editor.default\">\n\t\t\t\t<div class=\"elementor-widget-container\">\n\t\t\t\t\t\t\t\t\t<p>En Iberdesarrollos, nos enorgullece ser parte de un equipo que no solo promueve los servicios de Iberdrola, sino que tambi\u00e9n se compromete a generar un impacto positivo en la comunidad. Valoramos la confianza que nuestros clientes depositan en nosotros y trabajamos cada d\u00eda para superarnos, ofreciendo un servicio transparente, honesto y adaptado a cada situaci\u00f3n.<\/p><p>Nuestra misi\u00f3n es clara: acercar la energ\u00eda a cada hogar, empresa y coraz\u00f3n. Si buscas un equipo que escuche, comprenda y act\u00fae en tu beneficio, nosotros somos\u00a0ideales para ti. \u00a1\u00danete a nuestros clientes y descubre la garant\u00eda de un servicio excepcional!<\/p>\t\t\t\t\t\t\t\t<\/div>\n\t\t\t\t<\/div>\n\t\t\t\t\t<\/div>\n\t\t\t\t<\/div>\n\t\t<div class=\"elementor-element elementor-element-6a6a58c e-flex e-con-boxed e-con e-parent\" data-id=\"6a6a58c\" data-element_type=\"container\" data-e-type=\"container\">\n\t\t\t\t\t<div class=\"e-con-inner\">\n\t\t\t\t<div class=\"elementor-element elementor-element-28be901 elementor-widget elementor-widget-image\" data-id=\"28be901\" data-element_type=\"widget\" data-e-type=\"widget\" data-widget_type=\"image.default\">\n\t\t\t\t<div class=\"elementor-widget-container\">\n\t\t\t\t\t\t\t\t\t\t\t\t\t\t\t<img fetchpriority=\"high\" decoding=\"async\" width=\"768\" height=\"433\" src=\"https:\/\/iberdesarrollos.es\/wp-content\/uploads\/2024\/10\/20240809_184751-768x433.jpg\" class=\"attachment-medium_large size-medium_large wp-image-527\" alt=\"\" srcset=\"https:\/\/iberdesarrollos.es\/wp-content\/uploads\/2024\/10\/20240809_184751-768x433.jpg 768w, https:\/\/iberdesarrollos.es\/wp-content\/uploads\/2024\/10\/20240809_184751-300x169.jpg 300w, https:\/\/iberdesarrollos.es\/wp-content\/uploads\/2024\/10\/20240809_184751-1024x578.jpg 1024w, https:\/\/iberdesarrollos.es\/wp-content\/uploads\/2024\/10\/20240809_184751-1536x866.jpg 1536w, https:\/\/iberdesarrollos.es\/wp-content\/uploads\/2024\/10\/20240809_184751-2048x1155.jpg 2048w\" sizes=\"(max-width: 768px) 100vw, 768px\" \/>\t\t\t\t\t\t\t\t\t\t\t\t\t\t\t<\/div>\n\t\t\t\t<\/div>\n\t\t\t\t\t<\/div>\n\t\t\t\t<\/div>\n\t\t\t\t<\/div>","protected":false},"excerpt":{"rendered":"<p>\u00bfQui\u00e9nes somos? Un equipo fiable En Iberdesarrollos, somos un equipo apasionado y comprometido, dedicado a la captaci\u00f3n de clientes para Iberdrola. Nuestra oficina, ubicada en el coraz\u00f3n de la ciudad, est\u00e1 formada por profesionales que comparten un objetivo com\u00fan: ofrecer un servicio excepcional que se adapte a las necesidades de cada cliente. Asesores a tu [&hellip;]<\/p>","protected":false},"author":1,"featured_media":0,"parent":0,"menu_order":0,"comment_status":"closed","ping_status":"closed","template":"","meta":{"footnotes":""},"class_list":["post-524","page","type-page","status-publish","hentry"],"_links":{"self":[{"href":"https:\/\/iberdesarrollos.es\/en\/wp-json\/wp\/v2\/pages\/524"}],"collection":[{"href":"https:\/\/iberdesarrollos.es\/en\/wp-json\/wp\/v2\/pages"}],"about":[{"href":"https:\/\/iberdesarrollos.es\/en\/wp-json\/wp\/v2\/types\/page"}],"author":[{"embeddable":true,"href":"https:\/\/iberdesarrollos.es\/en\/wp-json\/wp\/v2\/users\/1"}],"replies":[{"embeddable":true,"href":"https:\/\/iberdesarrollos.es\/en\/wp-json\/wp\/v2\/comments?post=524"}],"version-history":[{"count":10,"href":"https:\/\/iberdesarrollos.es\/en\/wp-json\/wp\/v2\/pages\/524\/revisions"}],"predecessor-version":[{"id":536,"href":"https:\/\/iberdesarrollos.es\/en\/wp-json\/wp\/v2\/pages\/524\/revisions\/536"}],"wp:attachment":[{"href":"https:\/\/iberdesarrollos.es\/en\/wp-json\/wp\/v2\/media?parent=524"}],"curies":[{"name":"wp","href":"https:\/\/api.w.org\/{rel}","templated":true}]}}