{"id":506,"date":"2024-10-20T23:11:50","date_gmt":"2024-10-20T21:11:50","guid":{"rendered":"https:\/\/iberdesarrollos.es\/?page_id=506"},"modified":"2024-10-21T10:55:04","modified_gmt":"2024-10-21T08:55:04","slug":"politica-de-cookies","status":"publish","type":"page","link":"https:\/\/iberdesarrollos.es\/en\/politica-de-cookies\/","title":{"rendered":"Cookie policy"},"content":{"rendered":"<div data-elementor-type=\"wp-page\" data-elementor-id=\"506\" class=\"elementor elementor-506\" data-elementor-post-type=\"page\">\n\t\t\t\t<div class=\"elementor-element elementor-element-e3a18e0 e-flex e-con-boxed e-con e-parent\" data-id=\"e3a18e0\" data-element_type=\"container\" data-e-type=\"container\" data-settings=\"{&quot;background_background&quot;:&quot;gradient&quot;}\">\n\t\t\t\t\t<div class=\"e-con-inner\">\n\t\t\t\t<div class=\"elementor-element elementor-element-7dff275 elementor-widget elementor-widget-spacer\" data-id=\"7dff275\" data-element_type=\"widget\" data-e-type=\"widget\" data-widget_type=\"spacer.default\">\n\t\t\t\t<div class=\"elementor-widget-container\">\n\t\t\t\t\t\t\t<div class=\"elementor-spacer\">\n\t\t\t<div class=\"elementor-spacer-inner\"><\/div>\n\t\t<\/div>\n\t\t\t\t\t\t<\/div>\n\t\t\t\t<\/div>\n\t\t\t\t<div class=\"elementor-element elementor-element-21dc197 elementor-widget elementor-widget-heading\" data-id=\"21dc197\" data-element_type=\"widget\" data-e-type=\"widget\" data-widget_type=\"heading.default\">\n\t\t\t\t<div class=\"elementor-widget-container\">\n\t\t\t\t\t<h2 class=\"elementor-heading-title elementor-size-default\">Cookie policy<\/h2>\t\t\t\t<\/div>\n\t\t\t\t<\/div>\n\t\t\t\t\t<\/div>\n\t\t\t\t<\/div>\n\t\t<div class=\"elementor-element elementor-element-fef06eb e-flex e-con-boxed e-con e-parent\" data-id=\"fef06eb\" data-element_type=\"container\" data-e-type=\"container\">\n\t\t\t\t\t<div class=\"e-con-inner\">\n\t\t\t\t<div class=\"elementor-element elementor-element-f3f3aed elementor-widget elementor-widget-spacer\" data-id=\"f3f3aed\" data-element_type=\"widget\" data-e-type=\"widget\" data-widget_type=\"spacer.default\">\n\t\t\t\t<div class=\"elementor-widget-container\">\n\t\t\t\t\t\t\t<div class=\"elementor-spacer\">\n\t\t\t<div class=\"elementor-spacer-inner\"><\/div>\n\t\t<\/div>\n\t\t\t\t\t\t<\/div>\n\t\t\t\t<\/div>\n\t\t\t\t<div class=\"elementor-element elementor-element-1612333 elementor-widget elementor-widget-heading\" data-id=\"1612333\" data-element_type=\"widget\" data-e-type=\"widget\" data-widget_type=\"heading.default\">\n\t\t\t\t<div class=\"elementor-widget-container\">\n\t\t\t\t\t<h2 class=\"elementor-heading-title elementor-size-default\">What are cookies?<\/h2>\t\t\t\t<\/div>\n\t\t\t\t<\/div>\n\t\t\t\t<div class=\"elementor-element elementor-element-a6940a8 elementor-widget elementor-widget-text-editor\" data-id=\"a6940a8\" data-element_type=\"widget\" data-e-type=\"widget\" data-widget_type=\"text-editor.default\">\n\t\t\t\t<div class=\"elementor-widget-container\">\n\t\t\t\t\t\t\t\t\t<p>At <a target=\"_new\" rel=\"noopener\">www.iberdesarrollos.es<\/a> , we use cookies, which are devices that store and retrieve information when you browse. They can serve various purposes, such as recognizing you as a user or understanding your preferences based on a profile created from your browsing habits.<\/p><p>The specific uses for which VALKIRIA ELECTRIC S.L. uses cookies, as well as those of other external editors, will be described below.<\/p>\t\t\t\t\t\t\t\t<\/div>\n\t\t\t\t<\/div>\n\t\t\t\t<div class=\"elementor-element elementor-element-877ade6 elementor-widget elementor-widget-spacer\" data-id=\"877ade6\" data-element_type=\"widget\" data-e-type=\"widget\" data-widget_type=\"spacer.default\">\n\t\t\t\t<div class=\"elementor-widget-container\">\n\t\t\t\t\t\t\t<div class=\"elementor-spacer\">\n\t\t\t<div class=\"elementor-spacer-inner\"><\/div>\n\t\t<\/div>\n\t\t\t\t\t\t<\/div>\n\t\t\t\t<\/div>\n\t\t\t\t<div class=\"elementor-element elementor-element-3a310a3 elementor-widget elementor-widget-heading\" data-id=\"3a310a3\" data-element_type=\"widget\" data-e-type=\"widget\" data-widget_type=\"heading.default\">\n\t\t\t\t<div class=\"elementor-widget-container\">\n\t\t\t\t\t<h2 class=\"elementor-heading-title elementor-size-default\">What types of cookies does this website use?<\/h2>\t\t\t\t<\/div>\n\t\t\t\t<\/div>\n\t\t\t\t<div class=\"elementor-element elementor-element-dd75e6c elementor-widget elementor-widget-text-editor\" data-id=\"dd75e6c\" data-element_type=\"widget\" data-e-type=\"widget\" data-widget_type=\"text-editor.default\">\n\t\t\t\t<div class=\"elementor-widget-container\">\n\t\t\t\t\t\t\t\t\t<p>The website <a target=\"_new\" rel=\"noopener\">www.iberdesarrollos.es<\/a> uses both first-party and third-party cookies:<\/p>\n<p><strong>OWN COOKIES:<\/strong> are those that are sent to your device (computer) from VALKIRIA ELECTRIC S.L., from where the service you requested is provided.<\/p>\n<p><br><strong>THIRD-PARTY COOKIES:<\/strong> are those that are sent to your device (computer) by an entity other than VALKIRIA ELECTRIC S.L. that processes the information obtained from you through cookies.<\/p>\n<p>In turn, cookies can be classified into types according to their purpose (categories); we will group the different cookies we operate with according to each category below.<\/p><p><span style=\"color: var( --e-global-color-text ); letter-spacing: -0.1px;\">If you want to learn more about the privacy policies of third parties, you can access the link provided in the following table and configure or delete their cookies from your browser in case they are not blocked by our own system.<\/span><\/p>\n<div class=\"texto-cookies texto-cookies-justify-left\">\n<ul>\n<li><strong>Technical Cookies:<\/strong><\/li>\n<\/ul>\n<\/div>\n<p class=\"texto-cookies texto-cookies-justify-left\">Technical or necessary cookies are essential for our website to function properly and include basic functionalities such as identifying the session or granting registered users access to restricted areas. For these reasons, technical cookies cannot be disabled.<\/p>\n<div class=\"texto-cookies texto-cookies-justify-left\">\n<ul>\n<li><strong>Statistics Cookies:<\/strong><\/li>\n<\/ul>\n<\/div>\n<p class=\"texto-cookies texto-cookies-justify-left\">We use statistical cookies to see how you interact with the website, collecting anonymous information while you browse. The purpose of gathering this information is to make improvements to the website based on the analysis of the aggregated data.<\/p>\n<div class=\"texto-cookies texto-cookies-justify-left\">\n<ul>\n<li><strong>Marketing Cookies:<\/strong><\/li>\n<\/ul>\n<\/div>\n<p class=\"texto-cookies texto-cookies-justify-left\">Marketing or advertising cookies are used to analyze your behavior while visiting the website and to provide you with personalized and relevant advertisements based on your profile.<\/p>\n<div class=\"d-flex flex-column min-vh-100\">\n<div id=\"wrapper\" class=\"ibd ibd--es d-flex flex-column flex-fill wrapper\">\n<section id=\"content\">\n<div id=\"main-content\" class=\"columns-1\" role=\"main\">\n<div class=\"portlet-layout row\">\n<div id=\"column-1\" class=\"col-md-12 portlet-column portlet-column-only\">\n<div id=\"layout-column_column-1\" class=\"portlet-dropzone portlet-column-content portlet-column-content-only\">\n<div id=\"p_p_id_com_liferay_journal_content_web_portlet_JournalContentPortlet_INSTANCE_B6j2YZPxsyFM_\" class=\"portlet-boundary portlet-boundary_com_liferay_journal_content_web_portlet_JournalContentPortlet_ portlet-static portlet-static-end portlet-barebone portlet-journal-content\">\n<section id=\"portlet_com_liferay_journal_content_web_portlet_JournalContentPortlet_INSTANCE_B6j2YZPxsyFM\" class=\"portlet\">\n<div class=\"portlet-content\">\n<div class=\"portlet-content-container\">\n<div class=\"portlet-body\">\n<div class=\"\" data-fragments-editor-item-id=\"20131-14048758\" data-fragments-editor-item-type=\"fragments-editor-mapped-item\">\n<div class=\"journal-content-article\" data-analytics-asset-id=\"14048756\" data-analytics-asset-title=\"politica_cookies.html (MULTI-LANG)\" data-analytics-asset-type=\"web-content\">\n<div class=\"ibd-static-datoslfcom_pre-ibd_estaticos-20230811-webclipb-gc-prod-eu_ES-comunes-html\">\n<div class=\"container\">\n<div class=\"cookies\">\n<p class=\"texto-cookies texto-cookies-justify-left\">Through our manager, you can allow or block cookies. If you wish to delete your browsing data (including cookies), you can do so from the browser you are using, including third-party cookies.<\/p>\n<p class=\"texto-cookies texto-cookies-justify-left\">Below, we provide information about the main browsers, but if you have any questions, please refer to your browser's help menu:<\/p>\n<p class=\"texto-cookies texto-cookies-justify-left\"><strong>Microsoft edge:<\/strong><\/p>\n<p class=\"texto-cookies texto-cookies-justify-left\">Tools &gt; Internet Options &gt; Privacy.<\/p>\n<p class=\"texto-cookies texto-cookies-justify-left\">Or you can access it through the following link:&nbsp;<span style=\"color: #008000;\"><a style=\"color: #008000;\" href=\"https:\/\/support.microsoft.com\/es-es\/help\/4468242\/microsoft-edge-browsing-data-and-privacy-microsoft-privacy\">https:\/\/support.microsoft.com\/es-es\/help\/4468242\/microsoft-edge-browsing-data-and-privacy-microsoft-privacy<\/a><\/span><\/p>\n<p class=\"texto-cookies texto-cookies-justify-left\"><strong>Mozilla Firefox:<\/strong><\/p>\n<p class=\"texto-cookies texto-cookies-justify-left\">Tools &gt; Options &gt; Privacy &gt; Use a custom setting for history.<\/p>\n<p class=\"texto-cookies texto-cookies-justify-left\">Or you can access it through the following link:&nbsp;<span style=\"color: #008000;\"><a style=\"color: #008000;\" href=\"https:\/\/support.mozilla.org\/es\/kb\/habilitar-y-deshabilitar-cookies-sitios-web-rastrear-preferencias\">https:\/\/support.mozilla.org\/es\/kb\/habilitar-y-deshabilitar-cookies-sitios-web-rastrear-preferencias<\/a><\/span><\/p>\n<p class=\"texto-cookies texto-cookies-justify-left\"><strong>Google Chrome:<\/strong><\/p>\n<p class=\"texto-cookies texto-cookies-justify-left\">You have the instructions below:&nbsp;<span style=\"color: #008000;\"><a style=\"color: #008000;\" href=\"https:\/\/support.google.com\/chrome\/answer\/95647?hl=en\">https:\/\/support.google.com\/chrome\/answer\/95647?hl=en<\/a><\/span><\/p>\n<p class=\"texto-cookies texto-cookies-justify-left\"><strong>Safari:<\/strong><\/p>\n<p class=\"texto-cookies texto-cookies-justify-left\">You have the instructions below:&nbsp;<span style=\"color: #008000;\"><a style=\"color: #008000;\" href=\"https:\/\/support.apple.com\/guide\/safari\/manage-cookies-and-website-data-sfri11471\/mac\">https:\/\/support.apple.com\/guide\/safari\/manage-cookies-and-website-data-sfri11471\/mac<\/a><\/span><\/p>\n<p class=\"texto-cookies texto-cookies-justify-left\"><strong>Weborama:<\/strong><\/p>\n<p class=\"texto-cookies texto-cookies-justify-left\"><span style=\"color: #008000;\"><a style=\"color: #008000;\" href=\"https:\/\/weborama.com\/es\/exclusion-voluntaria\/\">https:\/\/weborama.com\/es\/exclusion-voluntaria\/<\/a><\/span><\/p>\n<p class=\"texto-cookies texto-cookies-justify-left\"><strong>Twitter:<\/strong><\/p>\n<p class=\"texto-cookies texto-cookies-justify-left\"><span style=\"color: #008000;\"><a style=\"color: #008000;\" href=\"https:\/\/help.twitter.com\/es\/rules-and-policies\/twitter-cookies\">https:\/\/help.twitter.com\/es\/rules-and-policies\/twitter-cookies<\/a><\/span><\/p>\n<p class=\"texto-cookies texto-cookies-justify-left\">Remember that certain features may not be available after disabling cookies.<\/p>\n<p class=\"texto-cookies texto-cookies-justify-left\">If your browser is not among the ones mentioned above, check the options available in your browser.<\/p>\n<p class=\"texto-cookies texto-cookies-justify-left\">We remind you that you can use private browsing mode in your browser, which prevents your browsing history and cookies from being saved.<\/p>\n<p class=\"texto-cookies texto-cookies-justify-left\">In addition, Google offers an extension for its Chrome browser to prevent the use of Google Analytics. You can download it at the following link:&nbsp;<span style=\"color: #008000;\"><a style=\"color: #008000;\" href=\"https:\/\/tools.google.com\/dlpage\/gaoptout?hl=None\">https:\/\/tools.google.com\/dlpage\/gaoptout?hl=None<\/a><\/span><\/p>\n<p class=\"texto-cookies texto-cookies-justify-left\">The website also uses cookies on mobile devices. You can modify your device's privacy options by accessing the following links, where instructions are provided to manage your preferences.<\/p>\n<p class=\"texto-cookies texto-cookies-justify-left\"><span style=\"color: #008000;\"><a style=\"color: #008000;\" href=\"http:\/\/goo.gl\/61xevS\">IOS<\/a><\/span>&nbsp;|&nbsp;<span style=\"color: #008000;\"><a style=\"color: #008000;\" href=\"http:\/\/goo.gl\/Rx8QQ\">Windows Phone<\/a><\/span>&nbsp;|&nbsp;<span style=\"color: #008000;\"><a style=\"color: #008000;\" href=\"http:\/\/goo.gl\/XJp7N\">Chrome Mobile<\/a><\/span>&nbsp;|&nbsp;<span style=\"color: #008000;\"><a style=\"color: #008000;\" href=\"http:\/\/goo.gl\/Nzr8s7\">Opera Mobile<\/a><\/span><\/p>\n<p class=\"texto-cookies texto-cookies-justify-left\"><strong>Profile creation<\/strong><\/p>\n<p class=\"texto-cookies texto-cookies-justify-left\">We use third-party cookies that allow for profile creation to deliver personalized advertising based on that profile. You can find more information on this aspect in the policies of the third parties (see the links provided in the section \"What types of cookies does this website use\").<\/p>\n<p class=\"texto-cookies texto-cookies-justify-left\"><strong>Transfers to third countries<\/strong><\/p>\n<p class=\"texto-cookies texto-cookies-justify-left\">You can find information about transfers to third countries, if applicable, made by the third parties identified in this cookie policy in their respective policies (see the links provided in the section \"What types of cookies does this website use\").<\/p>\n<p class=\"texto-cookies texto-cookies-justify-left\"><strong>Other information on data protection<\/strong><\/p>\n<p class=\"texto-cookies texto-cookies-justify-left\">For more information on the processing of your personal data, please refer to our <span style=\"color: #008000;\"><a style=\"color: #008000;\" href=\"https:\/\/iberdesarrollos.es\/en\/privacy-policy\/\">Privacy Policy<\/a><\/span><\/p>\n<p class=\"texto-cookies texto-cookies-justify-left\"><strong>Updates and changes to the Cookie Policy<\/strong><\/p>\n<p class=\"texto-cookies texto-cookies-justify-left\">When significant changes occur in this Cookie Policy, users will be informed either through a notice on the website or via email for registered users. If you would like more information about how we use cookies, you can send us an email at&nbsp;<span style=\"color: #008000;\"><a style=\"color: #008000;\" href=\"mailto:info@iberdesarrollos.es\">info@iberdesarrollos.es<\/a><\/span>.<\/p>\n<\/div>\n<\/div>\n<\/div>\n<\/div>\n<\/div>\n<\/div>\n<\/div>\n<\/div>\n<\/section>\n<\/div>\n<\/div>\n<\/div>\n<\/div>\n<\/div>\n<\/section>\n<\/div>\n<\/div>\t\t\t\t\t\t\t\t<\/div>\n\t\t\t\t<\/div>\n\t\t\t\t<div class=\"elementor-element elementor-element-c59d666 elementor-widget elementor-widget-spacer\" data-id=\"c59d666\" data-element_type=\"widget\" data-e-type=\"widget\" data-widget_type=\"spacer.default\">\n\t\t\t\t<div class=\"elementor-widget-container\">\n\t\t\t\t\t\t\t<div class=\"elementor-spacer\">\n\t\t\t<div class=\"elementor-spacer-inner\"><\/div>\n\t\t<\/div>\n\t\t\t\t\t\t<\/div>\n\t\t\t\t<\/div>\n\t\t\t\t\t<\/div>\n\t\t\t\t<\/div>\n\t\t\t\t<\/div>","protected":false},"excerpt":{"rendered":"<p>Pol\u00edtica de Cookies Qu\u00e9 son las cookies En www.iberdesarrollos.es utilizamos cookies, que son dispositivos que almacenan y recuperan informaci\u00f3n cuando navegas, y pueden servir para finalidades muy diversas, como, por ejemplo, reconocerte como usuario o conocer tus preferencias en base a tu perfil elaborado a ra\u00edz de tus h\u00e1bitos de navegaci\u00f3n. Los usos concretos para [&hellip;]<\/p>","protected":false},"author":1,"featured_media":0,"parent":0,"menu_order":0,"comment_status":"closed","ping_status":"closed","template":"","meta":{"footnotes":""},"class_list":["post-506","page","type-page","status-publish","hentry"],"_links":{"self":[{"href":"https:\/\/iberdesarrollos.es\/en\/wp-json\/wp\/v2\/pages\/506"}],"collection":[{"href":"https:\/\/iberdesarrollos.es\/en\/wp-json\/wp\/v2\/pages"}],"about":[{"href":"https:\/\/iberdesarrollos.es\/en\/wp-json\/wp\/v2\/types\/page"}],"author":[{"embeddable":true,"href":"https:\/\/iberdesarrollos.es\/en\/wp-json\/wp\/v2\/users\/1"}],"replies":[{"embeddable":true,"href":"https:\/\/iberdesarrollos.es\/en\/wp-json\/wp\/v2\/comments?post=506"}],"version-history":[{"count":16,"href":"https:\/\/iberdesarrollos.es\/en\/wp-json\/wp\/v2\/pages\/506\/revisions"}],"predecessor-version":[{"id":551,"href":"https:\/\/iberdesarrollos.es\/en\/wp-json\/wp\/v2\/pages\/506\/revisions\/551"}],"wp:attachment":[{"href":"https:\/\/iberdesarrollos.es\/en\/wp-json\/wp\/v2\/media?parent=506"}],"curies":[{"name":"wp","href":"https:\/\/api.w.org\/{rel}","templated":true}]}}