{"id":501,"date":"2024-10-20T22:34:32","date_gmt":"2024-10-20T20:34:32","guid":{"rendered":"https:\/\/iberdesarrollos.es\/?page_id=501"},"modified":"2024-10-21T13:52:35","modified_gmt":"2024-10-21T11:52:35","slug":"informacion-legal","status":"publish","type":"page","link":"https:\/\/iberdesarrollos.es\/en\/informacion-legal\/","title":{"rendered":"Informaci\u00f3n Legal"},"content":{"rendered":"<div data-elementor-type=\"wp-page\" data-elementor-id=\"501\" class=\"elementor elementor-501\" data-elementor-post-type=\"page\">\n\t\t\t\t<div class=\"elementor-element elementor-element-e51714e e-flex e-con-boxed e-con e-parent\" data-id=\"e51714e\" data-element_type=\"container\" data-e-type=\"container\" data-settings=\"{&quot;background_background&quot;:&quot;gradient&quot;}\">\n\t\t\t\t\t<div class=\"e-con-inner\">\n\t\t\t\t<div class=\"elementor-element elementor-element-50d1acd elementor-widget elementor-widget-spacer\" data-id=\"50d1acd\" data-element_type=\"widget\" data-e-type=\"widget\" data-widget_type=\"spacer.default\">\n\t\t\t\t<div class=\"elementor-widget-container\">\n\t\t\t\t\t\t\t<div class=\"elementor-spacer\">\n\t\t\t<div class=\"elementor-spacer-inner\"><\/div>\n\t\t<\/div>\n\t\t\t\t\t\t<\/div>\n\t\t\t\t<\/div>\n\t\t\t\t<div class=\"elementor-element elementor-element-2cebcd3 elementor-widget elementor-widget-heading\" data-id=\"2cebcd3\" data-element_type=\"widget\" data-e-type=\"widget\" data-widget_type=\"heading.default\">\n\t\t\t\t<div class=\"elementor-widget-container\">\n\t\t\t\t\t<h2 class=\"elementor-heading-title elementor-size-default\">Informaci\u00f3n Legal<\/h2>\t\t\t\t<\/div>\n\t\t\t\t<\/div>\n\t\t\t\t\t<\/div>\n\t\t\t\t<\/div>\n\t\t<div class=\"elementor-element elementor-element-9259eb1 e-flex e-con-boxed e-con e-parent\" data-id=\"9259eb1\" data-element_type=\"container\" data-e-type=\"container\">\n\t\t\t\t\t<div class=\"e-con-inner\">\n\t\t\t\t<div class=\"elementor-element elementor-element-c843162 elementor-widget elementor-widget-heading\" data-id=\"c843162\" data-element_type=\"widget\" data-e-type=\"widget\" data-widget_type=\"heading.default\">\n\t\t\t\t<div class=\"elementor-widget-container\">\n\t\t\t\t\t<h2 class=\"elementor-heading-title elementor-size-default\">CONDICIONES LEGALES DE ACCESO Y USO<\/h2>\t\t\t\t<\/div>\n\t\t\t\t<\/div>\n\t\t\t\t<div class=\"elementor-element elementor-element-0d79b95 elementor-widget elementor-widget-spacer\" data-id=\"0d79b95\" data-element_type=\"widget\" data-e-type=\"widget\" data-widget_type=\"spacer.default\">\n\t\t\t\t<div class=\"elementor-widget-container\">\n\t\t\t\t\t\t\t<div class=\"elementor-spacer\">\n\t\t\t<div class=\"elementor-spacer-inner\"><\/div>\n\t\t<\/div>\n\t\t\t\t\t\t<\/div>\n\t\t\t\t<\/div>\n\t\t\t\t<div class=\"elementor-element elementor-element-c227efc elementor-widget elementor-widget-heading\" data-id=\"c227efc\" data-element_type=\"widget\" data-e-type=\"widget\" data-widget_type=\"heading.default\">\n\t\t\t\t<div class=\"elementor-widget-container\">\n\t\t\t\t\t<h2 class=\"elementor-heading-title elementor-size-default\">Qui\u00e9nes somos\n<\/h2>\t\t\t\t<\/div>\n\t\t\t\t<\/div>\n\t\t\t\t<div class=\"elementor-element elementor-element-61de35f elementor-widget elementor-widget-text-editor\" data-id=\"61de35f\" data-element_type=\"widget\" data-e-type=\"widget\" data-widget_type=\"text-editor.default\">\n\t\t\t\t<div class=\"elementor-widget-container\">\n\t\t\t\t\t\t\t\t\t<div><div dir=\"auto\" data-message-author-role=\"assistant\" data-message-id=\"d462ed71-72cb-4f28-9a6d-6657923c4b62\" data-message-model-slug=\"gpt-4o-mini\"><div><div><p>Iberdesarrollos es una marca de servicio de la empresa DESARROLLOS EMPRESARIALES DE LEVANTE S.L. con NIF B-54629175\u00a0<span style=\"letter-spacing: -0.1px; color: var( --e-global-color-text );\">inscrita en el Registro Mercantil de Alicante al tomo 3.603, folio 72, hoja n\u00b0 A-129.859 inscripci\u00f3n 1\u00aa con domicilio Social y Fiscal en Avda. Conde de Lumiares 34, 03015 Alicante, que pertenece a la sociedad Valkiria Electric S.L. (En adelante \u00abValkiria Electric\u00bb; \u00abValkiria\u00bb o \u00abiberdesarrollos\u00bb) con NIF B-42661108\u00a0<\/span><span style=\"letter-spacing: -0.1px; color: var( --e-global-color-text );\">inscrita en el Registro Mercantil de Alicante al tomo 4.243, folio 73 hoja n\u00b0 A- 166.813 con domicilio Social y Fiscal en\u00a0<\/span><span style=\"letter-spacing: -0.1px; color: var( --e-global-color-text );\">Avda. Conde de Lumiares 34\u00a0<\/span><span style=\"letter-spacing: -0.1px; color: var( --e-global-color-text );\">, 03015 Alicante.<\/span><\/p><p><span style=\"letter-spacing: -0.1px;\">Para mayor informaci\u00f3n puede contactarnos a trav\u00e9s del n\u00famero de tel\u00e9fono 965 063 049, o bien a trav\u00e9s de la siguiente direcci\u00f3n de correo electr\u00f3nico\u00a0<\/span><a style=\"background-color: #f7fff6; color: #5e5e5e; letter-spacing: -0.1px;\" rel=\"noopener\">info@iberdesarrollos.es<\/a><span style=\"letter-spacing: -0.1px; color: var( --e-global-color-text );\"><br \/><\/span><\/p><\/div><\/div><\/div><\/div>\t\t\t\t\t\t\t\t<\/div>\n\t\t\t\t<\/div>\n\t\t\t\t<div class=\"elementor-element elementor-element-eafea93 elementor-widget elementor-widget-spacer\" data-id=\"eafea93\" data-element_type=\"widget\" data-e-type=\"widget\" data-widget_type=\"spacer.default\">\n\t\t\t\t<div class=\"elementor-widget-container\">\n\t\t\t\t\t\t\t<div class=\"elementor-spacer\">\n\t\t\t<div class=\"elementor-spacer-inner\"><\/div>\n\t\t<\/div>\n\t\t\t\t\t\t<\/div>\n\t\t\t\t<\/div>\n\t\t\t\t<div class=\"elementor-element elementor-element-1ed15bf elementor-widget elementor-widget-heading\" data-id=\"1ed15bf\" data-element_type=\"widget\" data-e-type=\"widget\" data-widget_type=\"heading.default\">\n\t\t\t\t<div class=\"elementor-widget-container\">\n\t\t\t\t\t<h2 class=\"elementor-heading-title elementor-size-default\">Acceso y usuarios<\/h2>\t\t\t\t<\/div>\n\t\t\t\t<\/div>\n\t\t\t\t<div class=\"elementor-element elementor-element-02d3e85 elementor-widget elementor-widget-text-editor\" data-id=\"02d3e85\" data-element_type=\"widget\" data-e-type=\"widget\" data-widget_type=\"text-editor.default\">\n\t\t\t\t<div class=\"elementor-widget-container\">\n\t\t\t\t\t\t\t\t\t<p>El acceso al sitio web <a target=\"_new\" rel=\"noopener\">www.iberdesarrollos.es<\/a> atribuye a quien lo realiza la condici\u00f3n de USUARIO, y expresa la aceptaci\u00f3n plena y sin reservas por parte del USUARIO de todas y cada una de las presentes CONDICIONES DE USO, sin perjuicio de las condiciones particulares que sea preciso aplicar en el caso de que el USUARIO desee contratar alguno de los bienes y servicios que se le ofrecen.<\/p><p>La prestaci\u00f3n del servicio del Portal tiene car\u00e1cter gratuito. Ello no obstante, VALKIRIA ELECTRIC se reserva la posibilidad de condicionar el acceso a algunos servicios al previo registro del USUARIO mediante la cumplimentaci\u00f3n del Formulario de Alta de Usuario, que se encuentra a disposici\u00f3n de quien desee registrarse como USUARIO REGISTRADO.<\/p><p>Cuando sea necesario que el USUARIO se registre como USUARIO REGISTRADO o aporte datos personales para poder acceder a alguno de los servicios espec\u00edficos, la recogida y tratamiento de los datos personales de los USUARIOS ser\u00e1 de aplicaci\u00f3n lo dispuesto en el cap\u00edtulo sobre Seguridad y Protecci\u00f3n de datos de car\u00e1cter personal.<\/p>\t\t\t\t\t\t\t\t<\/div>\n\t\t\t\t<\/div>\n\t\t\t\t<div class=\"elementor-element elementor-element-e3e5da4 elementor-widget elementor-widget-spacer\" data-id=\"e3e5da4\" data-element_type=\"widget\" data-e-type=\"widget\" data-widget_type=\"spacer.default\">\n\t\t\t\t<div class=\"elementor-widget-container\">\n\t\t\t\t\t\t\t<div class=\"elementor-spacer\">\n\t\t\t<div class=\"elementor-spacer-inner\"><\/div>\n\t\t<\/div>\n\t\t\t\t\t\t<\/div>\n\t\t\t\t<\/div>\n\t\t\t\t<div class=\"elementor-element elementor-element-887792d elementor-widget elementor-widget-heading\" data-id=\"887792d\" data-element_type=\"widget\" data-e-type=\"widget\" data-widget_type=\"heading.default\">\n\t\t\t\t<div class=\"elementor-widget-container\">\n\t\t\t\t\t<h2 class=\"elementor-heading-title elementor-size-default\">Modificaciones<\/h2>\t\t\t\t<\/div>\n\t\t\t\t<\/div>\n\t\t\t\t<div class=\"elementor-element elementor-element-ec7fbd0 elementor-widget elementor-widget-text-editor\" data-id=\"ec7fbd0\" data-element_type=\"widget\" data-e-type=\"widget\" data-widget_type=\"text-editor.default\">\n\t\t\t\t<div class=\"elementor-widget-container\">\n\t\t\t\t\t\t\t\t\t<p>VALKIRIA ELECTRIC, con el fin de mejorar las prestaciones del sitio web, se reserva el derecho a modificar, ampliar o suspender temporalmente la presentaci\u00f3n, configuraci\u00f3n, especificaciones t\u00e9cnicas, contenidos y servicios del sitio web, en cualquier momento de forma unilateral y sin previa notificaci\u00f3n al USUARIO.<\/p><p>Asimismo, se reserva el derecho a modificar en cualquier momento las presentes condiciones de uso, as\u00ed como cualesquiera otras condiciones particulares contenidas en el sitio web <a target=\"_new\" rel=\"noopener\">www.iberdesarrollos.es<\/a>.<\/p>\t\t\t\t\t\t\t\t<\/div>\n\t\t\t\t<\/div>\n\t\t\t\t<div class=\"elementor-element elementor-element-056c02c elementor-widget elementor-widget-spacer\" data-id=\"056c02c\" data-element_type=\"widget\" data-e-type=\"widget\" data-widget_type=\"spacer.default\">\n\t\t\t\t<div class=\"elementor-widget-container\">\n\t\t\t\t\t\t\t<div class=\"elementor-spacer\">\n\t\t\t<div class=\"elementor-spacer-inner\"><\/div>\n\t\t<\/div>\n\t\t\t\t\t\t<\/div>\n\t\t\t\t<\/div>\n\t\t\t\t<div class=\"elementor-element elementor-element-7a26c52 elementor-widget elementor-widget-heading\" data-id=\"7a26c52\" data-element_type=\"widget\" data-e-type=\"widget\" data-widget_type=\"heading.default\">\n\t\t\t\t<div class=\"elementor-widget-container\">\n\t\t\t\t\t<h2 class=\"elementor-heading-title elementor-size-default\">Accessibility<\/h2>\t\t\t\t<\/div>\n\t\t\t\t<\/div>\n\t\t\t\t<div class=\"elementor-element elementor-element-49d3266 elementor-widget elementor-widget-text-editor\" data-id=\"49d3266\" data-element_type=\"widget\" data-e-type=\"widget\" data-widget_type=\"text-editor.default\">\n\t\t\t\t<div class=\"elementor-widget-container\">\n\t\t\t\t\t\t\t\t\t<p>En VALKIRIA ELECTRIC nos hemos marcado como objetivo prioritario que todas las personas, con independencia de su discapacidad, edad o de la tecnolog\u00eda utilizada, puedan navegar por las p\u00e1ginas de la web de nuestra Compa\u00f1\u00eda sin encontrar dificultades de acceso.<\/p><p>Con este prop\u00f3sito, el desarrollo de la web de VALKIRIA ELECTRIC se ha basado en el cumplimiento de las Pautas de Accesibilidad al Contenido en la Web 2.0. Para obtener m\u00e1s informaci\u00f3n sobre los criterios de accesibilidad accede al portal <a target=\"_new\" rel=\"noopener\">www.iberdesarrollos<\/a><a target=\"_new\" rel=\"noopener\">.es<\/a>.<\/p>\t\t\t\t\t\t\t\t<\/div>\n\t\t\t\t<\/div>\n\t\t\t\t<div class=\"elementor-element elementor-element-561866c elementor-widget elementor-widget-spacer\" data-id=\"561866c\" data-element_type=\"widget\" data-e-type=\"widget\" data-widget_type=\"spacer.default\">\n\t\t\t\t<div class=\"elementor-widget-container\">\n\t\t\t\t\t\t\t<div class=\"elementor-spacer\">\n\t\t\t<div class=\"elementor-spacer-inner\"><\/div>\n\t\t<\/div>\n\t\t\t\t\t\t<\/div>\n\t\t\t\t<\/div>\n\t\t\t\t<div class=\"elementor-element elementor-element-2c03146 elementor-widget elementor-widget-heading\" data-id=\"2c03146\" data-element_type=\"widget\" data-e-type=\"widget\" data-widget_type=\"heading.default\">\n\t\t\t\t<div class=\"elementor-widget-container\">\n\t\t\t\t\t<h2 class=\"elementor-heading-title elementor-size-default\">Contenido<\/h2>\t\t\t\t<\/div>\n\t\t\t\t<\/div>\n\t\t\t\t<div class=\"elementor-element elementor-element-182e80c elementor-widget elementor-widget-text-editor\" data-id=\"182e80c\" data-element_type=\"widget\" data-e-type=\"widget\" data-widget_type=\"text-editor.default\">\n\t\t\t\t<div class=\"elementor-widget-container\">\n\t\t\t\t\t\t\t\t\t<p>VALKIRIA ELECTRIC garantiza que todos los contenidos y servicios que se ofrecen en <a target=\"_new\" rel=\"noopener\">www.iberdesarrollos.es<\/a> respetan el principio de dignidad de la persona, el principio de no discriminaci\u00f3n por motivos de raza, sexo, religi\u00f3n, opini\u00f3n, nacionalidad, discapacidad o cualquier otra circunstancia personal y social, as\u00ed como el principio de protecci\u00f3n de la juventud y de la infancia.<\/p>\t\t\t\t\t\t\t\t<\/div>\n\t\t\t\t<\/div>\n\t\t\t\t<div class=\"elementor-element elementor-element-28e5a63 elementor-widget elementor-widget-spacer\" data-id=\"28e5a63\" data-element_type=\"widget\" data-e-type=\"widget\" data-widget_type=\"spacer.default\">\n\t\t\t\t<div class=\"elementor-widget-container\">\n\t\t\t\t\t\t\t<div class=\"elementor-spacer\">\n\t\t\t<div class=\"elementor-spacer-inner\"><\/div>\n\t\t<\/div>\n\t\t\t\t\t\t<\/div>\n\t\t\t\t<\/div>\n\t\t\t\t<div class=\"elementor-element elementor-element-a3d1492 elementor-widget elementor-widget-heading\" data-id=\"a3d1492\" data-element_type=\"widget\" data-e-type=\"widget\" data-widget_type=\"heading.default\">\n\t\t\t\t<div class=\"elementor-widget-container\">\n\t\t\t\t\t<h2 class=\"elementor-heading-title elementor-size-default\">Condiciones de uso<\/h2>\t\t\t\t<\/div>\n\t\t\t\t<\/div>\n\t\t\t\t<div class=\"elementor-element elementor-element-700537f elementor-widget elementor-widget-text-editor\" data-id=\"700537f\" data-element_type=\"widget\" data-e-type=\"widget\" data-widget_type=\"text-editor.default\">\n\t\t\t\t<div class=\"elementor-widget-container\">\n\t\t\t\t\t\t\t\t\t<p>El USUARIO se compromete a realizar un buen uso de los contenidos y servicios de <a target=\"_new\" rel=\"noopener\">www.iberdesarrollos.es<\/a>, que nunca podr\u00e1n ser utilizados para actividades il\u00edcitas o que puedan ser contrarias al orden p\u00fablico, la defensa nacional o la salud p\u00fablica. Cualquier utilizaci\u00f3n por parte del USUARIO de los contenidos y servicios habr\u00e1 de respetar los principios indicados en el p\u00e1rrafo anterior.<\/p><p>El USUARIO est\u00e1 expresamente autorizado para visualizar toda la informaci\u00f3n contenida en el sitio web, as\u00ed como para efectuar reproducciones privadas de la misma en sus sistemas inform\u00e1ticos, siempre y cuando dichos contenidos sean para su uso exclusivo y no sean posteriormente cedidos a terceros.<\/p><p>El tiempo de respuesta estimado una vez rellenado el formulario ser\u00e1 de 48h.<\/p>\t\t\t\t\t\t\t\t<\/div>\n\t\t\t\t<\/div>\n\t\t\t\t<div class=\"elementor-element elementor-element-83ba12a elementor-widget elementor-widget-spacer\" data-id=\"83ba12a\" data-element_type=\"widget\" data-e-type=\"widget\" data-widget_type=\"spacer.default\">\n\t\t\t\t<div class=\"elementor-widget-container\">\n\t\t\t\t\t\t\t<div class=\"elementor-spacer\">\n\t\t\t<div class=\"elementor-spacer-inner\"><\/div>\n\t\t<\/div>\n\t\t\t\t\t\t<\/div>\n\t\t\t\t<\/div>\n\t\t\t\t<div class=\"elementor-element elementor-element-dc42ac5 elementor-widget elementor-widget-heading\" data-id=\"dc42ac5\" data-element_type=\"widget\" data-e-type=\"widget\" data-widget_type=\"heading.default\">\n\t\t\t\t<div class=\"elementor-widget-container\">\n\t\t\t\t\t<h2 class=\"elementor-heading-title elementor-size-default\">Exclusi\u00f3n de garant\u00edas y responsabilidades<\/h2>\t\t\t\t<\/div>\n\t\t\t\t<\/div>\n\t\t\t\t<div class=\"elementor-element elementor-element-37813cd elementor-widget elementor-widget-text-editor\" data-id=\"37813cd\" data-element_type=\"widget\" data-e-type=\"widget\" data-widget_type=\"text-editor.default\">\n\t\t\t\t<div class=\"elementor-widget-container\">\n\t\t\t\t\t\t\t\t\t<p>El acceso y la utilizaci\u00f3n de las p\u00e1ginas de <a target=\"_new\" rel=\"noopener\">www.iberdesarrollos.es<\/a> se realizar\u00e1n bajo la \u00fanica y exclusiva responsabilidad del USUARIO.<\/p><p>VALKIRIA ELECTRIC no se responsabiliza de la exactitud, veracidad y vigencia de las informaciones que no sean de elaboraci\u00f3n propia y cuyos contenidos pertenezcan a fuentes de informaci\u00f3n de terceros ajenos a ella. Al respecto, VALKIRIA ELECTRIC solo responder\u00e1 de los servicios propios y contenidos directamente originados por ella e identificados con su Copyright como una marca o propiedad intelectual o industrial de VALKIRIA ELECTRIC.<\/p><p>VALKIRIA ELECTRIC no garantiza ni se responsabiliza de los da\u00f1os y perjuicios de toda naturaleza que se deban a las siguientes circunstancias: 1. La falta de continuidad del funcionamiento de\u00a0<a target=\"_new\" rel=\"noopener\">www.iberdesarrollos.es<\/a>, as\u00ed como el funcionamiento incorrecto de las p\u00e1ginas web. 2. La falta de utilidad, adecuaci\u00f3n o validez de los servicios y contenidos que se ofrecen en\u00a0<a target=\"_new\" rel=\"noopener\">www.iberdesarrollos.es<\/a>, respecto a los resultados y expectativas del USUARIO. 3. La existencia de virus o programas en el ordenador del USUARIO o por la presencia de virus en los servicios prestados por terceros a trav\u00e9s de\u00a0<a target=\"_new\" rel=\"noopener\">www.iberdesarrollos.es<\/a>. 4. El conocimiento que puedan tener terceros no autorizados de la clase, condiciones, caracter\u00edsticas y circunstancias de acceso y uso que los USUARIOS hacen del sitio web y de las informaciones y servicios. 5. Bajo ninguna circunstancia, incluida la negligencia, de la p\u00e9rdida de negocio, p\u00e9rdida de uso, p\u00e9rdida de beneficios, p\u00e9rdida de datos, por da\u00f1os indirectos, secundarios, especiales o consecuentes que resulten del acceso o del uso de los servicios del sitio web, o que de otra forma se encuentren dentro del \u00e1mbito.<\/p>\t\t\t\t\t\t\t\t<\/div>\n\t\t\t\t<\/div>\n\t\t\t\t<div class=\"elementor-element elementor-element-7d4d072 elementor-widget elementor-widget-spacer\" data-id=\"7d4d072\" data-element_type=\"widget\" data-e-type=\"widget\" data-widget_type=\"spacer.default\">\n\t\t\t\t<div class=\"elementor-widget-container\">\n\t\t\t\t\t\t\t<div class=\"elementor-spacer\">\n\t\t\t<div class=\"elementor-spacer-inner\"><\/div>\n\t\t<\/div>\n\t\t\t\t\t\t<\/div>\n\t\t\t\t<\/div>\n\t\t\t\t<div class=\"elementor-element elementor-element-395290e elementor-widget elementor-widget-heading\" data-id=\"395290e\" data-element_type=\"widget\" data-e-type=\"widget\" data-widget_type=\"heading.default\">\n\t\t\t\t<div class=\"elementor-widget-container\">\n\t\t\t\t\t<h2 class=\"elementor-heading-title elementor-size-default\">Empleo de \"cookies\"<\/h2>\t\t\t\t<\/div>\n\t\t\t\t<\/div>\n\t\t\t\t<div class=\"elementor-element elementor-element-ccac391 elementor-widget elementor-widget-text-editor\" data-id=\"ccac391\" data-element_type=\"widget\" data-e-type=\"widget\" data-widget_type=\"text-editor.default\">\n\t\t\t\t<div class=\"elementor-widget-container\">\n\t\t\t\t\t\t\t\t\t<p><a href=\"https:\/\/iberdesarrollos.es\/en\/\"><span style=\"color: #008000;\">www.iberdesarrollos.es<\/span><\/a>\u00a0utiliza cookies propias y de terceros para facilitar la navegaci\u00f3n a trav\u00e9s de sus p\u00e1ginas web y obtener una mayor eficacia y personalizaci\u00f3n de los servicios ofrecidos a los USUARIOS. Para obtener m\u00e1s informaci\u00f3n sobre su uso, consulte el apartado\u00a0<span style=\"color: #008000;\"><a style=\"color: #008000;\" href=\"https:\/\/iberdesarrollos.es\/en\/politica-de-cookies\/\">Cookie policy<\/a><\/span>.<\/p>\t\t\t\t\t\t\t\t<\/div>\n\t\t\t\t<\/div>\n\t\t\t\t<div class=\"elementor-element elementor-element-e655182 elementor-widget elementor-widget-spacer\" data-id=\"e655182\" data-element_type=\"widget\" data-e-type=\"widget\" data-widget_type=\"spacer.default\">\n\t\t\t\t<div class=\"elementor-widget-container\">\n\t\t\t\t\t\t\t<div class=\"elementor-spacer\">\n\t\t\t<div class=\"elementor-spacer-inner\"><\/div>\n\t\t<\/div>\n\t\t\t\t\t\t<\/div>\n\t\t\t\t<\/div>\n\t\t\t\t<div class=\"elementor-element elementor-element-152ecc7 elementor-widget elementor-widget-heading\" data-id=\"152ecc7\" data-element_type=\"widget\" data-e-type=\"widget\" data-widget_type=\"heading.default\">\n\t\t\t\t<div class=\"elementor-widget-container\">\n\t\t\t\t\t<h2 class=\"elementor-heading-title elementor-size-default\">Protecci\u00f3n de datos de car\u00e1cter personal<\/h2>\t\t\t\t<\/div>\n\t\t\t\t<\/div>\n\t\t\t\t<div class=\"elementor-element elementor-element-40f8ff6 elementor-widget elementor-widget-text-editor\" data-id=\"40f8ff6\" data-element_type=\"widget\" data-e-type=\"widget\" data-widget_type=\"text-editor.default\">\n\t\t\t\t<div class=\"elementor-widget-container\">\n\t\t\t\t\t\t\t\t\t<p>VALKIRIA ELECTRIC dispone de una pol\u00edtica de privacidad para informar sobre el tratamiento de los datos personales que realiza dentro de sus webs, apps y otras plataformas digitales o medios electr\u00f3nicos de su titularidad. Esta pol\u00edtica es igualmente aplicable, en lo que pudiera afectar, al tratamiento de datos de usuarios de redes sociales sobre los que VALKIRIA ELECTRIC realice un tratamiento de sus datos, en funci\u00f3n de su relaci\u00f3n con la empresa. Para obtener m\u00e1s informaci\u00f3n sobre este tipo de tratamientos, consulte el apartado <span style=\"color: #008000;\"><a style=\"color: #008000;\" href=\"https:\/\/iberdesarrollos.es\/en\/privacy-policy\/\" target=\"_blank\" rel=\"noopener\">Pol\u00edtica de Privacidad.<\/a><\/span><\/p>\t\t\t\t\t\t\t\t<\/div>\n\t\t\t\t<\/div>\n\t\t\t\t<div class=\"elementor-element elementor-element-d328537 elementor-widget elementor-widget-spacer\" data-id=\"d328537\" data-element_type=\"widget\" data-e-type=\"widget\" data-widget_type=\"spacer.default\">\n\t\t\t\t<div class=\"elementor-widget-container\">\n\t\t\t\t\t\t\t<div class=\"elementor-spacer\">\n\t\t\t<div class=\"elementor-spacer-inner\"><\/div>\n\t\t<\/div>\n\t\t\t\t\t\t<\/div>\n\t\t\t\t<\/div>\n\t\t\t\t<div class=\"elementor-element elementor-element-0644f0c elementor-widget elementor-widget-heading\" data-id=\"0644f0c\" data-element_type=\"widget\" data-e-type=\"widget\" data-widget_type=\"heading.default\">\n\t\t\t\t<div class=\"elementor-widget-container\">\n\t\t\t\t\t<h2 class=\"elementor-heading-title elementor-size-default\">Traducci\u00f3n al ingl\u00e9s<\/h2>\t\t\t\t<\/div>\n\t\t\t\t<\/div>\n\t\t\t\t<div class=\"elementor-element elementor-element-6a4ca54 elementor-widget elementor-widget-text-editor\" data-id=\"6a4ca54\" data-element_type=\"widget\" data-e-type=\"widget\" data-widget_type=\"text-editor.default\">\n\t\t\t\t<div class=\"elementor-widget-container\">\n\t\t\t\t\t\t\t\t\t<p>Toda la informaci\u00f3n y documentaci\u00f3n disponible en las versiones en ingl\u00e9s de la presente p\u00e1gina web se proporciona \u00fanicamente a efectos informativos. En caso de discrepancia entre el contenido de la versi\u00f3n en ingl\u00e9s y el de la versi\u00f3n original en espa\u00f1ol prevalecer\u00e1 el de esta \u00faltima.<\/p>\t\t\t\t\t\t\t\t<\/div>\n\t\t\t\t<\/div>\n\t\t\t\t<div class=\"elementor-element elementor-element-2df3ac4 elementor-widget elementor-widget-spacer\" data-id=\"2df3ac4\" data-element_type=\"widget\" data-e-type=\"widget\" data-widget_type=\"spacer.default\">\n\t\t\t\t<div class=\"elementor-widget-container\">\n\t\t\t\t\t\t\t<div class=\"elementor-spacer\">\n\t\t\t<div class=\"elementor-spacer-inner\"><\/div>\n\t\t<\/div>\n\t\t\t\t\t\t<\/div>\n\t\t\t\t<\/div>\n\t\t\t\t<div class=\"elementor-element elementor-element-76ef063 elementor-widget elementor-widget-heading\" data-id=\"76ef063\" data-element_type=\"widget\" data-e-type=\"widget\" data-widget_type=\"heading.default\">\n\t\t\t\t<div class=\"elementor-widget-container\">\n\t\t\t\t\t<h2 class=\"elementor-heading-title elementor-size-default\">Jurisdicci\u00f3n y legislaci\u00f3n aplicable<\/h2>\t\t\t\t<\/div>\n\t\t\t\t<\/div>\n\t\t\t\t<div class=\"elementor-element elementor-element-79e241f elementor-widget elementor-widget-text-editor\" data-id=\"79e241f\" data-element_type=\"widget\" data-e-type=\"widget\" data-widget_type=\"text-editor.default\">\n\t\t\t\t<div class=\"elementor-widget-container\">\n\t\t\t\t\t\t\t\t\t<p>Las presentes Condiciones de Uso se regir\u00e1n por lo dispuesto en la legislaci\u00f3n espa\u00f1ola.<\/p>\n<p>En caso de cualquier discrepancia o controversia derivada de la interpretaci\u00f3n o aplicaci\u00f3n de estas Condiciones de Uso o del contenido de la p\u00e1gina web, VALKIRIA ELECTRIC y el USUARIO, renunciando expresamente a cualquier otro fuero que pudiera corresponderles, se someten a la jurisdicci\u00f3n de los Juzgados y Tribunales del domicilio del USUARIO. Si el USUARIO tiene su domicilio fuera de Espa\u00f1a, VALKIRIA ELECTRIC y el USUARIO, con renuncia expresa a cualquier otro fuero que pudiera corresponderles, se someten a la jurisdicci\u00f3n de los Juzgados y Tribunales de la ciudad de Alicante.<\/p>\t\t\t\t\t\t\t\t<\/div>\n\t\t\t\t<\/div>\n\t\t\t\t\t<\/div>\n\t\t\t\t<\/div>\n\t\t\t\t<\/div>","protected":false},"excerpt":{"rendered":"<p>Informaci\u00f3n Legal CONDICIONES LEGALES DE ACCESO Y USO Qui\u00e9nes somos Iberdesarrollos es una marca de servicio de la empresa DESARROLLOS EMPRESARIALES DE LEVANTE S.L. con NIF B-54629175\u00a0inscrita en el Registro Mercantil de Alicante al tomo 3.603, folio 72, hoja n\u00b0 A-129.859 inscripci\u00f3n 1\u00aa con domicilio Social y Fiscal en Avda. Conde de Lumiares 34, 03015 [&hellip;]<\/p>","protected":false},"author":1,"featured_media":0,"parent":0,"menu_order":0,"comment_status":"closed","ping_status":"closed","template":"","meta":{"footnotes":""},"class_list":["post-501","page","type-page","status-publish","hentry"],"_links":{"self":[{"href":"https:\/\/iberdesarrollos.es\/en\/wp-json\/wp\/v2\/pages\/501"}],"collection":[{"href":"https:\/\/iberdesarrollos.es\/en\/wp-json\/wp\/v2\/pages"}],"about":[{"href":"https:\/\/iberdesarrollos.es\/en\/wp-json\/wp\/v2\/types\/page"}],"author":[{"embeddable":true,"href":"https:\/\/iberdesarrollos.es\/en\/wp-json\/wp\/v2\/users\/1"}],"replies":[{"embeddable":true,"href":"https:\/\/iberdesarrollos.es\/en\/wp-json\/wp\/v2\/comments?post=501"}],"version-history":[{"count":16,"href":"https:\/\/iberdesarrollos.es\/en\/wp-json\/wp\/v2\/pages\/501\/revisions"}],"predecessor-version":[{"id":571,"href":"https:\/\/iberdesarrollos.es\/en\/wp-json\/wp\/v2\/pages\/501\/revisions\/571"}],"wp:attachment":[{"href":"https:\/\/iberdesarrollos.es\/en\/wp-json\/wp\/v2\/media?parent=501"}],"curies":[{"name":"wp","href":"https:\/\/api.w.org\/{rel}","templated":true}]}}